{"id":20,"date":"2024-01-15T14:29:39","date_gmt":"2024-01-15T14:29:39","guid":{"rendered":"https:\/\/fesskursus.dk\/ny\/?page_id=20"},"modified":"2024-01-17T19:01:08","modified_gmt":"2024-01-17T18:01:08","slug":"index","status":"publish","type":"page","link":"https:\/\/fesskursus.dk\/ny\/","title":{"rendered":"Index"},"content":{"rendered":"\t\t<div data-elementor-type=\"wp-page\" data-elementor-id=\"20\" class=\"elementor elementor-20\">\n\t\t\t\t<div class=\"elementor-element elementor-element-9ab6071 e-flex e-con-boxed e-con e-parent\" data-id=\"9ab6071\" data-element_type=\"container\" data-settings=\"{&quot;background_background&quot;:&quot;classic&quot;}\">\n\t\t\t\t\t<div class=\"e-con-inner\">\n\t\t<div class=\"elementor-element elementor-element-d9784c9 e-con-full e-flex e-con e-child\" data-id=\"d9784c9\" data-element_type=\"container\">\n\t\t<div class=\"elementor-element elementor-element-8e34200 e-flex e-con-boxed e-con e-child\" data-id=\"8e34200\" data-element_type=\"container\">\n\t\t\t\t\t<div class=\"e-con-inner\">\n\t\t\t\t<div class=\"elementor-element elementor-element-396f626 elementor-widget elementor-widget-heading\" data-id=\"396f626\" data-element_type=\"widget\" data-widget_type=\"heading.default\">\n\t\t\t\t<div class=\"elementor-widget-container\">\n\t\t\t<style>\/*! elementor - v3.22.0 - 24-06-2024 *\/\n.elementor-heading-title{padding:0;margin:0;line-height:1}.elementor-widget-heading .elementor-heading-title[class*=elementor-size-]>a{color:inherit;font-size:inherit;line-height:inherit}.elementor-widget-heading .elementor-heading-title.elementor-size-small{font-size:15px}.elementor-widget-heading .elementor-heading-title.elementor-size-medium{font-size:19px}.elementor-widget-heading .elementor-heading-title.elementor-size-large{font-size:29px}.elementor-widget-heading .elementor-heading-title.elementor-size-xl{font-size:39px}.elementor-widget-heading .elementor-heading-title.elementor-size-xxl{font-size:59px}<\/style><h2 class=\"elementor-heading-title elementor-size-default\">26\u201327. sep. 2024   <\/h2>\t\t<\/div>\n\t\t\t\t<\/div>\n\t\t\t\t<div class=\"elementor-element elementor-element-8528a7d elementor-view-default elementor-widget elementor-widget-icon\" data-id=\"8528a7d\" data-element_type=\"widget\" data-widget_type=\"icon.default\">\n\t\t\t\t<div class=\"elementor-widget-container\">\n\t\t\t\t\t<div class=\"elementor-icon-wrapper\">\n\t\t\t<div class=\"elementor-icon\">\n\t\t\t<i aria-hidden=\"true\" class=\"jki jki-cross-light\"><\/i>\t\t\t<\/div>\n\t\t<\/div>\n\t\t\t\t<\/div>\n\t\t\t\t<\/div>\n\t\t\t\t<div class=\"elementor-element elementor-element-ad310f3 elementor-widget elementor-widget-heading\" data-id=\"ad310f3\" data-element_type=\"widget\" data-widget_type=\"heading.default\">\n\t\t\t\t<div class=\"elementor-widget-container\">\n\t\t\t<h2 class=\"elementor-heading-title elementor-size-default\">\u00d8NH K\u00f8ge<\/h2>\t\t<\/div>\n\t\t\t\t<\/div>\n\t\t\t\t\t<\/div>\n\t\t\t\t<\/div>\n\t\t\t\t<div class=\"elementor-element elementor-element-abd696e elementor-widget elementor-widget-heading\" data-id=\"abd696e\" data-element_type=\"widget\" data-widget_type=\"heading.default\">\n\t\t\t\t<div class=\"elementor-widget-container\">\n\t\t\t<h2 class=\"elementor-heading-title elementor-size-default\">Simulationskursus i FESS & septumplastik<\/h2>\t\t<\/div>\n\t\t\t\t<\/div>\n\t\t\t\t<div class=\"elementor-element elementor-element-67c17f0 elementor-widget elementor-widget-text-editor\" data-id=\"67c17f0\" data-element_type=\"widget\" data-widget_type=\"text-editor.default\">\n\t\t\t\t<div class=\"elementor-widget-container\">\n\t\t\t<style>\/*! elementor - v3.22.0 - 24-06-2024 *\/\n.elementor-widget-text-editor.elementor-drop-cap-view-stacked .elementor-drop-cap{background-color:#69727d;color:#fff}.elementor-widget-text-editor.elementor-drop-cap-view-framed .elementor-drop-cap{color:#69727d;border:3px solid;background-color:transparent}.elementor-widget-text-editor:not(.elementor-drop-cap-view-default) .elementor-drop-cap{margin-top:8px}.elementor-widget-text-editor:not(.elementor-drop-cap-view-default) .elementor-drop-cap-letter{width:1em;height:1em}.elementor-widget-text-editor .elementor-drop-cap{float:left;text-align:center;line-height:1;font-size:50px}.elementor-widget-text-editor .elementor-drop-cap-letter{display:inline-block}<\/style>\t\t\t\t<p>N\u00e6ste runde af det popul\u00e6re simulationskursus i FESS og septumplastik foreg\u00e5r d. 26.\u201327. september 2024.<\/p><p><strong>Skal du med?<\/strong><\/p>\t\t\t\t\t\t<\/div>\n\t\t\t\t<\/div>\n\t\t<div class=\"elementor-element elementor-element-5c18480 e-flex e-con-boxed e-con e-child\" data-id=\"5c18480\" data-element_type=\"container\">\n\t\t\t\t\t<div class=\"e-con-inner\">\n\t\t\t\t<div class=\"elementor-element elementor-element-58f25c1 elementor-widget elementor-widget-button\" data-id=\"58f25c1\" data-element_type=\"widget\" data-widget_type=\"button.default\">\n\t\t\t\t<div class=\"elementor-widget-container\">\n\t\t\t\t\t<div class=\"elementor-button-wrapper\">\n\t\t\t<a class=\"elementor-button elementor-button-link elementor-size-sm\" href=\"#tilmelding\">\n\t\t\t\t\t\t<span class=\"elementor-button-content-wrapper\">\n\t\t\t\t\t\t<span class=\"elementor-button-icon\">\n\t\t\t\t<i aria-hidden=\"true\" class=\"jki jki-sign-in-alt-solid\"><\/i>\t\t\t<\/span>\n\t\t\t\t\t\t\t\t\t<span class=\"elementor-button-text\">Tilmeld dig<\/span>\n\t\t\t\t\t<\/span>\n\t\t\t\t\t<\/a>\n\t\t<\/div>\n\t\t\t\t<\/div>\n\t\t\t\t<\/div>\n\t\t\t\t<div class=\"elementor-element elementor-element-d54e560 elementor-widget elementor-widget-button\" data-id=\"d54e560\" data-element_type=\"widget\" data-widget_type=\"button.default\">\n\t\t\t\t<div class=\"elementor-widget-container\">\n\t\t\t\t\t<div class=\"elementor-button-wrapper\">\n\t\t\t<a class=\"elementor-button elementor-button-link elementor-size-sm\" href=\"#info\">\n\t\t\t\t\t\t<span class=\"elementor-button-content-wrapper\">\n\t\t\t\t\t\t<span class=\"elementor-button-icon\">\n\t\t\t\t<svg aria-hidden=\"true\" class=\"e-font-icon-svg e-fas-arrow-down\" viewBox=\"0 0 448 512\" xmlns=\"http:\/\/www.w3.org\/2000\/svg\"><path d=\"M413.1 222.5l22.2 22.2c9.4 9.4 9.4 24.6 0 33.9L241 473c-9.4 9.4-24.6 9.4-33.9 0L12.7 278.6c-9.4-9.4-9.4-24.6 0-33.9l22.2-22.2c9.5-9.5 25-9.3 34.3.4L184 343.4V56c0-13.3 10.7-24 24-24h32c13.3 0 24 10.7 24 24v287.4l114.8-120.5c9.3-9.8 24.8-10 34.3-.4z\"><\/path><\/svg>\t\t\t<\/span>\n\t\t\t\t\t\t\t\t\t<span class=\"elementor-button-text\">L\u00e6s mere<\/span>\n\t\t\t\t\t<\/span>\n\t\t\t\t\t<\/a>\n\t\t<\/div>\n\t\t\t\t<\/div>\n\t\t\t\t<\/div>\n\t\t\t\t\t<\/div>\n\t\t\t\t<\/div>\n\t\t\t\t<\/div>\n\t\t<div class=\"elementor-element elementor-element-45359ea e-con-full e-flex e-con e-child\" data-id=\"45359ea\" data-element_type=\"container\">\n\t\t\t\t<div class=\"elementor-element elementor-element-d4c3d61 elementor-widget elementor-widget-image\" data-id=\"d4c3d61\" data-element_type=\"widget\" data-widget_type=\"image.default\">\n\t\t\t\t<div class=\"elementor-widget-container\">\n\t\t\t<style>\/*! elementor - v3.22.0 - 24-06-2024 *\/\n.elementor-widget-image{text-align:center}.elementor-widget-image a{display:inline-block}.elementor-widget-image a img[src$=\".svg\"]{width:48px}.elementor-widget-image img{vertical-align:middle;display:inline-block}<\/style>\t\t\t\t\t\t\t\t\t\t<img fetchpriority=\"high\" decoding=\"async\" width=\"1280\" height=\"1280\" src=\"https:\/\/fesskursus.dk\/ny\/wp-content\/uploads\/2024\/01\/IMG_7028.jpg\" class=\"attachment-full size-full wp-image-80\" alt=\"\" srcset=\"https:\/\/fesskursus.dk\/ny\/wp-content\/uploads\/2024\/01\/IMG_7028.jpg 1280w, https:\/\/fesskursus.dk\/ny\/wp-content\/uploads\/2024\/01\/IMG_7028-300x300.jpg 300w, https:\/\/fesskursus.dk\/ny\/wp-content\/uploads\/2024\/01\/IMG_7028-1024x1024.jpg 1024w, https:\/\/fesskursus.dk\/ny\/wp-content\/uploads\/2024\/01\/IMG_7028-150x150.jpg 150w, https:\/\/fesskursus.dk\/ny\/wp-content\/uploads\/2024\/01\/IMG_7028-768x768.jpg 768w\" sizes=\"(max-width: 1280px) 100vw, 1280px\" \/>\t\t\t\t\t\t\t\t\t\t\t\t\t<\/div>\n\t\t\t\t<\/div>\n\t\t\t\t<\/div>\n\t\t\t\t\t<\/div>\n\t\t\t\t<\/div>\n\t\t<div class=\"elementor-element elementor-element-76fa231 e-flex e-con-boxed e-con e-parent\" data-id=\"76fa231\" data-element_type=\"container\" id=\"info\" data-settings=\"{&quot;background_background&quot;:&quot;classic&quot;}\">\n\t\t\t\t\t<div class=\"e-con-inner\">\n\t\t<div class=\"elementor-element elementor-element-1961b0a e-con-full e-flex e-con e-child\" data-id=\"1961b0a\" data-element_type=\"container\">\n\t\t\t\t<div class=\"elementor-element elementor-element-312ec6b elementor-widget elementor-widget-heading\" data-id=\"312ec6b\" data-element_type=\"widget\" data-widget_type=\"heading.default\">\n\t\t\t\t<div class=\"elementor-widget-container\">\n\t\t\t<h2 class=\"elementor-heading-title elementor-size-default\">Praktiske oplysninger<\/h2>\t\t<\/div>\n\t\t\t\t<\/div>\n\t\t\t\t<\/div>\n\t\t<div class=\"elementor-element elementor-element-e20a759 e-con-full e-flex e-con e-child\" data-id=\"e20a759\" data-element_type=\"container\">\n\t\t\t\t<div class=\"elementor-element elementor-element-1cb7819 elementor-widget elementor-widget-jkit_tabs\" data-id=\"1cb7819\" data-element_type=\"widget\" data-widget_type=\"jkit_tabs.default\">\n\t\t\t\t<div class=\"elementor-widget-container\">\n\t\t\t<div  class=\"jeg-elementor-kit jkit-tabs layout-horizontal jeg_module___69f3c5f8bd251\" ><div class=\"tab-navigation\"><ul class=\"tab-nav-list   \" data-toggle=\"0\"><li class=\"tab-nav active \" data-tab=\"tab-3c6acf1\"><span class=\"tab-title\">Om kurset<\/span><div class=\"tab-content\"><div class=\"tab-description\"><\/div><\/div><\/li><li class=\"tab-nav  \" data-tab=\"tab-cf408e4\"><span class=\"tab-title\">Kursusafgift<\/span><div class=\"tab-content\"><div class=\"tab-description\"><\/div><\/div><\/li><li class=\"tab-nav  \" data-tab=\"tab-21ff87d\"><span class=\"tab-title\">Kontakt<\/span><div class=\"tab-content\"><div class=\"tab-description\"><\/div><\/div><\/li><\/ul><\/div><div class=\"tab-content-list\"><div class=\"tab-content tab-3c6acf1 active\"><p class=\"p1\"><span class=\"s1\">K\u00e6re \u00f8re-n\u00e6se-halsl\u00e6ge!<\/span><\/p><p class=\"p1\"><span class=\"s1\">Vi har den gl\u00e6de at kunne invitere jer til 6. udgave af vores hands-on kursus i FESS og septumplastik.<\/span><\/p><p class=\"p1\"><span class=\"s1\">Kurset er et <b>hands-on simulationskursus<\/b> p\u00e5 f\u00e5rehoveder rettet mod yngre \u00d8NH-l\u00e6ger. Til kurset f\u00e5r du mulighed for at \u00f8ve dig i at bruge rigtigt endoskopiudstyr samt tr\u00e6ne FESS og septumplastik under vejledning af to rhinologiske speciall\u00e6ger. Inden kurset skal du have l\u00e6st vores kursusmateriale.<\/span><\/p><p class=\"p1\"><span class=\"s1\">N\u00e6ste runde af kurset foreg\u00e5r d. 26.\u201327. september 2024 fra kl 08.30\u201315.30 p\u00e5 \u00f8re-n\u00e6se-halskirurgisk afdeling p\u00e5 Sj\u00e6llands Universitetshospital K\u00f8ge. Kurset er et 1-dagskursus, som holdes over to dage med plads til 10 deltagere pr. dag.\u00a0<\/span><\/p><p><span class=\"s1\"><b>Sted:<\/b> K\u00f8ge Sygehus, auditoriet ved hovedindgangen<br \/><\/span><span class=\"s1\"><b>Dato:<\/b> Torsdag d. 26.09.2024 + fredag 27.09.2024. <br \/><\/span><span class=\"s1\">Begge dage 08.30\u201315.30.<br \/><\/span><\/p><\/div><div class=\"tab-content tab-cf408e4 \"><p>Kursusafgiften er 1.995 DKK inkl. moms og inkluderer morgenmad, frokost, kaffe, m.v.<\/p><\/div><div class=\"tab-content tab-21ff87d \">Har du sp\u00f8rgsm\u00e5l eller brug for at komme i kontakt med os? \n<br>\n<br>\nSkriv til os p\u00e5 <a href=\"mailto:mail@fesskursus.dk\">mail@fesskursus.dk<\/a>\n<br>\n<br>\nAlexander Ryberg &amp; Zia Niazi\n<br>\n<i>Kursusarrang\u00f8rer<\/i><\/div><\/div><\/div>\t\t<\/div>\n\t\t\t\t<\/div>\n\t\t\t\t<\/div>\n\t\t\t\t\t<\/div>\n\t\t\t\t<\/div>\n\t\t<div class=\"elementor-element elementor-element-3ff54e1 e-flex e-con-boxed e-con e-parent\" data-id=\"3ff54e1\" data-element_type=\"container\" id=\"tilmelding\" data-settings=\"{&quot;background_background&quot;:&quot;classic&quot;}\">\n\t\t\t\t\t<div class=\"e-con-inner\">\n\t\t<div class=\"elementor-element elementor-element-ed1d643 e-con-full e-flex e-con e-child\" data-id=\"ed1d643\" data-element_type=\"container\">\n\t\t\t\t<div class=\"elementor-element elementor-element-e70e586 elementor-widget elementor-widget-heading\" data-id=\"e70e586\" data-element_type=\"widget\" data-widget_type=\"heading.default\">\n\t\t\t\t<div class=\"elementor-widget-container\">\n\t\t\t<h2 class=\"elementor-heading-title elementor-size-default\">Tilmelding<\/h2>\t\t<\/div>\n\t\t\t\t<\/div>\n\t\t\t\t<div class=\"elementor-element elementor-element-45a4a0b elementor-widget elementor-widget-text-editor\" data-id=\"45a4a0b\" data-element_type=\"widget\" data-widget_type=\"text-editor.default\">\n\t\t\t\t<div class=\"elementor-widget-container\">\n\t\t\t\t\t\t\t<p><span class=\"s1\">Kurset er et 1-dagskursus med plads til 10 deltagere pr. dag. <\/span><span class=\"s1\">Tilmelding foreg\u00e5r efter f\u00f8rst til m\u00f8lle-princippet og sker her p\u00e5 siden.<\/span><\/p>\t\t\t\t\t\t<\/div>\n\t\t\t\t<\/div>\n\t\t\t\t<\/div>\n\t\t<div class=\"elementor-element elementor-element-60cbe0d e-con-full e-flex e-con e-child\" data-id=\"60cbe0d\" data-element_type=\"container\">\n\t\t\t\t<div class=\"elementor-element elementor-element-e76c94c elementor-widget elementor-widget-jkit_tabs\" data-id=\"e76c94c\" data-element_type=\"widget\" data-widget_type=\"jkit_tabs.default\">\n\t\t\t\t<div class=\"elementor-widget-container\">\n\t\t\t<div  class=\"jeg-elementor-kit jkit-tabs layout-horizontal jeg_module__1_69f3c5f8be38d\" ><div class=\"tab-navigation\"><ul class=\"tab-nav-list   \" data-toggle=\"0\"><li class=\"tab-nav active \" data-tab=\"tab-3c6acf1\"><span class=\"tab-title\">Jeg betaler selv<\/span><div class=\"tab-content\"><div class=\"tab-description\"><\/div><\/div><\/li><li class=\"tab-nav  \" data-tab=\"tab-cf408e4\"><span class=\"tab-title\">Min afdeling betaler<\/span><div class=\"tab-content\"><div class=\"tab-description\"><\/div><\/div><\/li><\/ul><\/div><div class=\"tab-content-list\"><div class=\"tab-content tab-3c6acf1 active\"><p>N\u00e5r du har udfyldt skemaet, vil vores \u00f8konomiafdeling sende dig en faktura via e-Boks.<br \/><br \/><\/p><p class=\"p1\"><div id='ff_form_1' class='ff_form_not_render'>Tilmelding er ikke l\u00e6ngere muligt.<\/div><\/p><\/div><div class=\"tab-content tab-cf408e4 \"><p>N\u00e5r du har udfyldt skemaet, vil vores \u00f8konomiafdeling sende en faktura til din afdeling. Det er vigtigt, at du udfylder skemaet korrekt af hensyn til administrationen p\u00e5 b\u00e5de din egen og vores afdeling.<\/p><p><strong>Er du i tvivl om EAN-oplysningerne?<\/strong> <br \/>Sp\u00f8rg din afdelingsledelsessekret\u00e6r eller uddannelsesansvarlige overl\u00e6ge.<br \/><br \/><\/p><p><div id='ff_form_1' class='ff_form_not_render'>Tilmelding er ikke l\u00e6ngere muligt.<\/div><\/p><\/div><\/div><\/div>\t\t<\/div>\n\t\t\t\t<\/div>\n\t\t\t\t<\/div>\n\t\t\t\t\t<\/div>\n\t\t\t\t<\/div>\n\t\t\t\t<\/div>\n\t\t","protected":false},"excerpt":{"rendered":"<p>26\u201327. sep. 2024 \u00d8NH K\u00f8ge Simulationskursus i FESS &#038; septumplastik N\u00e6ste runde af det popul\u00e6re simulationskursus i FESS og septumplastik foreg\u00e5r d. 26.\u201327. september 2024. Skal du med? Tilmeld dig L\u00e6s mere Praktiske oplysninger Om kurset Kursusafgift Kontakt K\u00e6re \u00f8re-n\u00e6se-halsl\u00e6ge! Vi har den gl\u00e6de at kunne invitere jer til 6. udgave af vores hands-on kursus [&hellip;]<\/p>\n","protected":false},"author":1,"featured_media":0,"parent":0,"menu_order":0,"comment_status":"closed","ping_status":"closed","template":"","meta":{"footnotes":""},"_links":{"self":[{"href":"https:\/\/fesskursus.dk\/ny\/index.php?rest_route=\/wp\/v2\/pages\/20"}],"collection":[{"href":"https:\/\/fesskursus.dk\/ny\/index.php?rest_route=\/wp\/v2\/pages"}],"about":[{"href":"https:\/\/fesskursus.dk\/ny\/index.php?rest_route=\/wp\/v2\/types\/page"}],"author":[{"embeddable":true,"href":"https:\/\/fesskursus.dk\/ny\/index.php?rest_route=\/wp\/v2\/users\/1"}],"replies":[{"embeddable":true,"href":"https:\/\/fesskursus.dk\/ny\/index.php?rest_route=%2Fwp%2Fv2%2Fcomments&post=20"}],"version-history":[{"count":106,"href":"https:\/\/fesskursus.dk\/ny\/index.php?rest_route=\/wp\/v2\/pages\/20\/revisions"}],"predecessor-version":[{"id":352,"href":"https:\/\/fesskursus.dk\/ny\/index.php?rest_route=\/wp\/v2\/pages\/20\/revisions\/352"}],"wp:attachment":[{"href":"https:\/\/fesskursus.dk\/ny\/index.php?rest_route=%2Fwp%2Fv2%2Fmedia&parent=20"}],"curies":[{"name":"wp","href":"https:\/\/api.w.org\/{rel}","templated":true}]}}